{"id":342,"date":"2022-01-20T14:17:41","date_gmt":"2022-01-20T17:17:41","guid":{"rendered":"https:\/\/aratoniomontagens.com.br\/?page_id=342"},"modified":"2024-06-18T19:44:53","modified_gmt":"2024-06-18T22:44:53","slug":"montagem-manutencao-industrial","status":"publish","type":"page","link":"https:\/\/aratoniomontagens.com.br\/","title":{"rendered":"Montagem e Manuten\u00e7\u00e3o Industrial"},"content":{"rendered":"\n<img decoding=\"async\" loading=\"false\" src=\"https:\/\/aratoniomontagens.com.br\/wp-content\/uploads\/2022\/01\/banner.jpg\" alt=\"\">\t\t\t\n\t\t\t<img decoding=\"async\" loading=\"false\" src=\"https:\/\/aratoniomontagens.com.br\/wp-content\/uploads\/2022\/01\/banner2.jpg\" alt=\"\">\t\t\t\n\t\t\t\t<a href=\"#\" aria-label=\"previous\" role=\"button\">\n<\/a>\n\t\t\t\t<a href=\"#\" aria-label=\"next\" role=\"button\">\n<\/a>\n<h2>\n\t\tSERVI\u00c7OS\n\t<\/h2>\n\t<h3>SOLDAS<\/h3>\t\t\n\t\t\t<p>Especializado em Soldas P11. P22<\/p>\n\t<h3>ESTRUTURAS MET\u00c1LICAS<\/h3>\t\t\n\t\t\t<p>Fabrica\u00e7\u00e3o de Estruturas Met\u00e1licas<\/p>\n\t<h3>TANQUES<\/h3>\t\t\n\t\t\t<p>Tanques Met\u00e1licos de Alta Capacidade<\/p>\n\t<h3>PINTURAS<\/h3>\t\t\n\t\t\t<p>Pinturas Industriais e Jateamento<\/p>\n\t<h3>CALDEIRAS<\/h3>\t\t\n\t\t\t<p>Montagem de Caldeiras de Baixa e Alta Press\u00e3o<\/p>\n\t<h3>MANUTEN\u00c7\u00c3O<\/h3>\t\t\n\t\t\t<p>Manuten\u00e7\u00e3o Industrial<\/p>\n\t<h3>MONTAGEM<\/h3>\t\t\n\t\t\t<p>Montagem e Manuten\u00e7\u00e3o de Silos<\/p>\n\t<h3>FABRICA\u00c7\u00c3O<\/h3>\t\t\n\t\t\t<p>Fabricamos e Montamos Base de Distribuidora de Combust\u00edvel<\/p>\n","protected":false},"excerpt":{"rendered":"<p>SERVI\u00c7OS SOLDAS Especializado em Soldas P11. P22 ESTRUTURAS MET\u00c1LICAS Fabrica\u00e7\u00e3o de Estruturas Met\u00e1licas TANQUES Tanques Met\u00e1licos de Alta Capacidade PINTURAS Pinturas Industriais e Jateamento CALDEIRAS Montagem de Caldeiras de Baixa e Alta Press\u00e3o MANUTEN\u00c7\u00c3O Manuten\u00e7\u00e3o Industrial MONTAGEM Montagem e Manuten\u00e7\u00e3o de Silos FABRICA\u00c7\u00c3O Fabricamos e Montamos Base de Distribuidora de Combust\u00edvel<\/p>\n","protected":false},"author":1,"featured_media":0,"parent":0,"menu_order":0,"comment_status":"closed","ping_status":"closed","template":"","meta":{"footnotes":""},"class_list":["post-342","page","type-page","status-publish","hentry"],"yoast_head":"<!-- This site is optimized with the Yoast SEO plugin v22.9 - https:\/\/yoast.com\/wordpress\/plugins\/seo\/ -->\n<title>Montagem e Manuten\u00e7\u00e3o Industrial - Aratonio Montagens<\/title>\n<meta name=\"description\" content=\"Manuten\u00e7\u00e3o Industrial, Especializado em Soldas P11. P22, Fabrica\u00e7\u00e3o de Estruturas Met\u00e1licas, Tanques Met\u00e1licos de Alta Capacidade\" \/>\n<meta name=\"robots\" content=\"index, follow, max-snippet:-1, max-image-preview:large, max-video-preview:-1\" \/>\n<link rel=\"canonical\" href=\"https:\/\/aratoniomontagens.com.br\/\" \/>\n<meta property=\"og:locale\" content=\"pt_BR\" \/>\n<meta property=\"og:type\" content=\"article\" \/>\n<meta property=\"og:title\" content=\"Montagem e Manuten\u00e7\u00e3o Industrial - Aratonio Montagens\" \/>\n<meta property=\"og:description\" content=\"Manuten\u00e7\u00e3o Industrial, Especializado em Soldas P11. P22, Fabrica\u00e7\u00e3o de Estruturas Met\u00e1licas, Tanques Met\u00e1licos de Alta Capacidade\" \/>\n<meta property=\"og:url\" content=\"https:\/\/aratoniomontagens.com.br\/\" \/>\n<meta property=\"og:site_name\" content=\"Aratonio Montagens\" \/>\n<meta property=\"article:modified_time\" content=\"2024-06-18T22:44:53+00:00\" \/>\n<meta property=\"og:image\" content=\"https:\/\/aratoniomontagens.com.br\/wp-content\/uploads\/2022\/01\/banner.jpg\" \/>\n<meta name=\"twitter:card\" content=\"summary_large_image\" \/>\n<meta name=\"twitter:label1\" content=\"Est. tempo de leitura\" \/>\n\t<meta name=\"twitter:data1\" content=\"1 minuto\" \/>\n<script type=\"application\/ld+json\" class=\"yoast-schema-graph\">{\"@context\":\"https:\/\/schema.org\",\"@graph\":[{\"@type\":\"WebPage\",\"@id\":\"https:\/\/aratoniomontagens.com.br\/\",\"url\":\"https:\/\/aratoniomontagens.com.br\/\",\"name\":\"Montagem e Manuten\u00e7\u00e3o Industrial - Aratonio Montagens\",\"isPartOf\":{\"@id\":\"https:\/\/aratoniomontagens.com.br\/#website\"},\"primaryImageOfPage\":{\"@id\":\"https:\/\/aratoniomontagens.com.br\/#primaryimage\"},\"image\":{\"@id\":\"https:\/\/aratoniomontagens.com.br\/#primaryimage\"},\"thumbnailUrl\":\"https:\/\/aratoniomontagens.com.br\/wp-content\/uploads\/2022\/01\/banner.jpg\",\"datePublished\":\"2022-01-20T17:17:41+00:00\",\"dateModified\":\"2024-06-18T22:44:53+00:00\",\"description\":\"Manuten\u00e7\u00e3o Industrial, Especializado em Soldas P11. P22, Fabrica\u00e7\u00e3o de Estruturas Met\u00e1licas, Tanques Met\u00e1licos de Alta Capacidade\",\"breadcrumb\":{\"@id\":\"https:\/\/aratoniomontagens.com.br\/#breadcrumb\"},\"inLanguage\":\"pt-BR\",\"potentialAction\":[{\"@type\":\"ReadAction\",\"target\":[\"https:\/\/aratoniomontagens.com.br\/\"]}]},{\"@type\":\"ImageObject\",\"inLanguage\":\"pt-BR\",\"@id\":\"https:\/\/aratoniomontagens.com.br\/#primaryimage\",\"url\":\"https:\/\/aratoniomontagens.com.br\/wp-content\/uploads\/2022\/01\/banner.jpg\",\"contentUrl\":\"https:\/\/aratoniomontagens.com.br\/wp-content\/uploads\/2022\/01\/banner.jpg\",\"width\":2000,\"height\":600},{\"@type\":\"BreadcrumbList\",\"@id\":\"https:\/\/aratoniomontagens.com.br\/#breadcrumb\",\"itemListElement\":[{\"@type\":\"ListItem\",\"position\":1,\"name\":\"In\u00edcio\",\"item\":\"https:\/\/aratoniomontagens.com.br\/\"},{\"@type\":\"ListItem\",\"position\":2,\"name\":\"Montagem e Manuten\u00e7\u00e3o Industrial\"}]},{\"@type\":\"WebSite\",\"@id\":\"https:\/\/aratoniomontagens.com.br\/#website\",\"url\":\"https:\/\/aratoniomontagens.com.br\/\",\"name\":\"Aratonio Montagens\",\"description\":\"Montagem e Manuten\u00e7\u00e3o Industrial\",\"potentialAction\":[{\"@type\":\"SearchAction\",\"target\":{\"@type\":\"EntryPoint\",\"urlTemplate\":\"https:\/\/aratoniomontagens.com.br\/?s={search_term_string}\"},\"query-input\":\"required name=search_term_string\"}],\"inLanguage\":\"pt-BR\"}]}<\/script>\n<!-- \/ Yoast SEO plugin. -->","yoast_head_json":{"title":"Montagem e Manuten\u00e7\u00e3o Industrial - Aratonio Montagens","description":"Manuten\u00e7\u00e3o Industrial, Especializado em Soldas P11. P22, Fabrica\u00e7\u00e3o de Estruturas Met\u00e1licas, Tanques Met\u00e1licos de Alta Capacidade","robots":{"index":"index","follow":"follow","max-snippet":"max-snippet:-1","max-image-preview":"max-image-preview:large","max-video-preview":"max-video-preview:-1"},"canonical":"https:\/\/aratoniomontagens.com.br\/","og_locale":"pt_BR","og_type":"article","og_title":"Montagem e Manuten\u00e7\u00e3o Industrial - Aratonio Montagens","og_description":"Manuten\u00e7\u00e3o Industrial, Especializado em Soldas P11. P22, Fabrica\u00e7\u00e3o de Estruturas Met\u00e1licas, Tanques Met\u00e1licos de Alta Capacidade","og_url":"https:\/\/aratoniomontagens.com.br\/","og_site_name":"Aratonio Montagens","article_modified_time":"2024-06-18T22:44:53+00:00","og_image":[{"url":"https:\/\/aratoniomontagens.com.br\/wp-content\/uploads\/2022\/01\/banner.jpg"}],"twitter_card":"summary_large_image","twitter_misc":{"Est. tempo de leitura":"1 minuto"},"schema":{"@context":"https:\/\/schema.org","@graph":[{"@type":"WebPage","@id":"https:\/\/aratoniomontagens.com.br\/","url":"https:\/\/aratoniomontagens.com.br\/","name":"Montagem e Manuten\u00e7\u00e3o Industrial - Aratonio Montagens","isPartOf":{"@id":"https:\/\/aratoniomontagens.com.br\/#website"},"primaryImageOfPage":{"@id":"https:\/\/aratoniomontagens.com.br\/#primaryimage"},"image":{"@id":"https:\/\/aratoniomontagens.com.br\/#primaryimage"},"thumbnailUrl":"https:\/\/aratoniomontagens.com.br\/wp-content\/uploads\/2022\/01\/banner.jpg","datePublished":"2022-01-20T17:17:41+00:00","dateModified":"2024-06-18T22:44:53+00:00","description":"Manuten\u00e7\u00e3o Industrial, Especializado em Soldas P11. P22, Fabrica\u00e7\u00e3o de Estruturas Met\u00e1licas, Tanques Met\u00e1licos de Alta Capacidade","breadcrumb":{"@id":"https:\/\/aratoniomontagens.com.br\/#breadcrumb"},"inLanguage":"pt-BR","potentialAction":[{"@type":"ReadAction","target":["https:\/\/aratoniomontagens.com.br\/"]}]},{"@type":"ImageObject","inLanguage":"pt-BR","@id":"https:\/\/aratoniomontagens.com.br\/#primaryimage","url":"https:\/\/aratoniomontagens.com.br\/wp-content\/uploads\/2022\/01\/banner.jpg","contentUrl":"https:\/\/aratoniomontagens.com.br\/wp-content\/uploads\/2022\/01\/banner.jpg","width":2000,"height":600},{"@type":"BreadcrumbList","@id":"https:\/\/aratoniomontagens.com.br\/#breadcrumb","itemListElement":[{"@type":"ListItem","position":1,"name":"In\u00edcio","item":"https:\/\/aratoniomontagens.com.br\/"},{"@type":"ListItem","position":2,"name":"Montagem e Manuten\u00e7\u00e3o Industrial"}]},{"@type":"WebSite","@id":"https:\/\/aratoniomontagens.com.br\/#website","url":"https:\/\/aratoniomontagens.com.br\/","name":"Aratonio Montagens","description":"Montagem e Manuten\u00e7\u00e3o Industrial","potentialAction":[{"@type":"SearchAction","target":{"@type":"EntryPoint","urlTemplate":"https:\/\/aratoniomontagens.com.br\/?s={search_term_string}"},"query-input":"required name=search_term_string"}],"inLanguage":"pt-BR"}]}},"_links":{"self":[{"href":"https:\/\/aratoniomontagens.com.br\/index.php\/wp-json\/wp\/v2\/pages\/342","targetHints":{"allow":["GET"]}}],"collection":[{"href":"https:\/\/aratoniomontagens.com.br\/index.php\/wp-json\/wp\/v2\/pages"}],"about":[{"href":"https:\/\/aratoniomontagens.com.br\/index.php\/wp-json\/wp\/v2\/types\/page"}],"author":[{"embeddable":true,"href":"https:\/\/aratoniomontagens.com.br\/index.php\/wp-json\/wp\/v2\/users\/1"}],"replies":[{"embeddable":true,"href":"https:\/\/aratoniomontagens.com.br\/index.php\/wp-json\/wp\/v2\/comments?post=342"}],"version-history":[{"count":9,"href":"https:\/\/aratoniomontagens.com.br\/index.php\/wp-json\/wp\/v2\/pages\/342\/revisions"}],"predecessor-version":[{"id":405,"href":"https:\/\/aratoniomontagens.com.br\/index.php\/wp-json\/wp\/v2\/pages\/342\/revisions\/405"}],"wp:attachment":[{"href":"https:\/\/aratoniomontagens.com.br\/index.php\/wp-json\/wp\/v2\/media?parent=342"}],"curies":[{"name":"wp","href":"https:\/\/api.w.org\/{rel}","templated":true}]}}