{"id":348,"date":"2022-01-20T14:29:45","date_gmt":"2022-01-20T17:29:45","guid":{"rendered":"https:\/\/aratoniomontagens.com.br\/?page_id=348"},"modified":"2022-01-28T17:03:19","modified_gmt":"2022-01-28T20:03:19","slug":"empresa","status":"publish","type":"page","link":"https:\/\/aratoniomontagens.com.br\/index.php\/empresa\/","title":{"rendered":"Empresa"},"content":{"rendered":"\n<h2>\n\t\tEMPRESA\n\t<\/h2>\n\tNossa empresa surgiu em 1999 para atender um mercado cada vez maior.<br \/>\nEstamos alinhados com as melhores pr\u00e1ticas de mercado, aplicando os mais modernos conceitos.\n<p>Empresa qualificada para alcan\u00e7ar as melhores solu\u00e7\u00f5es e objetivos para se diferenciar no mercado cada vez mais competitivo.<\/p>\n\t\t\t\t<img loading=\"lazy\" decoding=\"async\" src=\"https:\/\/aratoniomontagens.com.br\/wp-content\/uploads\/2022\/01\/logo.jpg\" alt=\"logo\" itemprop=\"image\" height=\"210\" width=\"280\" title=\"logo\" onerror=\"this.style.display='none'\"  \/>\n\n","protected":false},"excerpt":{"rendered":"<p>EMPRESA Nossa empresa surgiu em 1999 para atender um mercado cada vez maior. Estamos alinhados com as melhores pr\u00e1ticas de mercado, aplicando os mais modernos conceitos. Empresa qualificada para alcan\u00e7ar as melhores solu\u00e7\u00f5es e objetivos para se diferenciar no mercado cada vez mais competitivo.<\/p>\n","protected":false},"author":1,"featured_media":0,"parent":0,"menu_order":0,"comment_status":"closed","ping_status":"closed","template":"","meta":{"footnotes":""},"class_list":["post-348","page","type-page","status-publish","hentry"],"yoast_head":"<!-- This site is optimized with the Yoast SEO plugin v22.9 - https:\/\/yoast.com\/wordpress\/plugins\/seo\/ -->\n<title>Empresa - Aratonio Montagens<\/title>\n<meta name=\"robots\" content=\"index, follow, max-snippet:-1, max-image-preview:large, max-video-preview:-1\" \/>\n<link rel=\"canonical\" href=\"https:\/\/aratoniomontagens.com.br\/index.php\/empresa\/\" \/>\n<meta property=\"og:locale\" content=\"pt_BR\" \/>\n<meta property=\"og:type\" content=\"article\" \/>\n<meta property=\"og:title\" content=\"Empresa - Aratonio Montagens\" \/>\n<meta property=\"og:description\" content=\"EMPRESA Nossa empresa surgiu em 1999 para atender um mercado cada vez maior. Estamos alinhados com as melhores pr\u00e1ticas de mercado, aplicando os mais modernos conceitos. Empresa qualificada para alcan\u00e7ar as melhores solu\u00e7\u00f5es e objetivos para se diferenciar no mercado cada vez mais competitivo.\" \/>\n<meta property=\"og:url\" content=\"https:\/\/aratoniomontagens.com.br\/index.php\/empresa\/\" \/>\n<meta property=\"og:site_name\" content=\"Aratonio Montagens\" \/>\n<meta property=\"article:modified_time\" content=\"2022-01-28T20:03:19+00:00\" \/>\n<meta property=\"og:image\" content=\"https:\/\/aratoniomontagens.com.br\/wp-content\/uploads\/2022\/01\/logo.jpg\" \/>\n<meta name=\"twitter:card\" content=\"summary_large_image\" \/>\n<script type=\"application\/ld+json\" class=\"yoast-schema-graph\">{\"@context\":\"https:\/\/schema.org\",\"@graph\":[{\"@type\":\"WebPage\",\"@id\":\"https:\/\/aratoniomontagens.com.br\/index.php\/empresa\/\",\"url\":\"https:\/\/aratoniomontagens.com.br\/index.php\/empresa\/\",\"name\":\"Empresa - Aratonio Montagens\",\"isPartOf\":{\"@id\":\"https:\/\/aratoniomontagens.com.br\/#website\"},\"primaryImageOfPage\":{\"@id\":\"https:\/\/aratoniomontagens.com.br\/index.php\/empresa\/#primaryimage\"},\"image\":{\"@id\":\"https:\/\/aratoniomontagens.com.br\/index.php\/empresa\/#primaryimage\"},\"thumbnailUrl\":\"https:\/\/aratoniomontagens.com.br\/wp-content\/uploads\/2022\/01\/logo.jpg\",\"datePublished\":\"2022-01-20T17:29:45+00:00\",\"dateModified\":\"2022-01-28T20:03:19+00:00\",\"breadcrumb\":{\"@id\":\"https:\/\/aratoniomontagens.com.br\/index.php\/empresa\/#breadcrumb\"},\"inLanguage\":\"pt-BR\",\"potentialAction\":[{\"@type\":\"ReadAction\",\"target\":[\"https:\/\/aratoniomontagens.com.br\/index.php\/empresa\/\"]}]},{\"@type\":\"ImageObject\",\"inLanguage\":\"pt-BR\",\"@id\":\"https:\/\/aratoniomontagens.com.br\/index.php\/empresa\/#primaryimage\",\"url\":\"https:\/\/aratoniomontagens.com.br\/wp-content\/uploads\/2022\/01\/logo.jpg\",\"contentUrl\":\"https:\/\/aratoniomontagens.com.br\/wp-content\/uploads\/2022\/01\/logo.jpg\",\"width\":280,\"height\":210},{\"@type\":\"BreadcrumbList\",\"@id\":\"https:\/\/aratoniomontagens.com.br\/index.php\/empresa\/#breadcrumb\",\"itemListElement\":[{\"@type\":\"ListItem\",\"position\":1,\"name\":\"In\u00edcio\",\"item\":\"https:\/\/aratoniomontagens.com.br\/\"},{\"@type\":\"ListItem\",\"position\":2,\"name\":\"Empresa\"}]},{\"@type\":\"WebSite\",\"@id\":\"https:\/\/aratoniomontagens.com.br\/#website\",\"url\":\"https:\/\/aratoniomontagens.com.br\/\",\"name\":\"Aratonio Montagens\",\"description\":\"Montagem e Manuten\u00e7\u00e3o Industrial\",\"potentialAction\":[{\"@type\":\"SearchAction\",\"target\":{\"@type\":\"EntryPoint\",\"urlTemplate\":\"https:\/\/aratoniomontagens.com.br\/?s={search_term_string}\"},\"query-input\":\"required name=search_term_string\"}],\"inLanguage\":\"pt-BR\"}]}<\/script>\n<!-- \/ Yoast SEO plugin. -->","yoast_head_json":{"title":"Empresa - Aratonio Montagens","robots":{"index":"index","follow":"follow","max-snippet":"max-snippet:-1","max-image-preview":"max-image-preview:large","max-video-preview":"max-video-preview:-1"},"canonical":"https:\/\/aratoniomontagens.com.br\/index.php\/empresa\/","og_locale":"pt_BR","og_type":"article","og_title":"Empresa - Aratonio Montagens","og_description":"EMPRESA Nossa empresa surgiu em 1999 para atender um mercado cada vez maior. Estamos alinhados com as melhores pr\u00e1ticas de mercado, aplicando os mais modernos conceitos. Empresa qualificada para alcan\u00e7ar as melhores solu\u00e7\u00f5es e objetivos para se diferenciar no mercado cada vez mais competitivo.","og_url":"https:\/\/aratoniomontagens.com.br\/index.php\/empresa\/","og_site_name":"Aratonio Montagens","article_modified_time":"2022-01-28T20:03:19+00:00","og_image":[{"url":"https:\/\/aratoniomontagens.com.br\/wp-content\/uploads\/2022\/01\/logo.jpg"}],"twitter_card":"summary_large_image","schema":{"@context":"https:\/\/schema.org","@graph":[{"@type":"WebPage","@id":"https:\/\/aratoniomontagens.com.br\/index.php\/empresa\/","url":"https:\/\/aratoniomontagens.com.br\/index.php\/empresa\/","name":"Empresa - Aratonio Montagens","isPartOf":{"@id":"https:\/\/aratoniomontagens.com.br\/#website"},"primaryImageOfPage":{"@id":"https:\/\/aratoniomontagens.com.br\/index.php\/empresa\/#primaryimage"},"image":{"@id":"https:\/\/aratoniomontagens.com.br\/index.php\/empresa\/#primaryimage"},"thumbnailUrl":"https:\/\/aratoniomontagens.com.br\/wp-content\/uploads\/2022\/01\/logo.jpg","datePublished":"2022-01-20T17:29:45+00:00","dateModified":"2022-01-28T20:03:19+00:00","breadcrumb":{"@id":"https:\/\/aratoniomontagens.com.br\/index.php\/empresa\/#breadcrumb"},"inLanguage":"pt-BR","potentialAction":[{"@type":"ReadAction","target":["https:\/\/aratoniomontagens.com.br\/index.php\/empresa\/"]}]},{"@type":"ImageObject","inLanguage":"pt-BR","@id":"https:\/\/aratoniomontagens.com.br\/index.php\/empresa\/#primaryimage","url":"https:\/\/aratoniomontagens.com.br\/wp-content\/uploads\/2022\/01\/logo.jpg","contentUrl":"https:\/\/aratoniomontagens.com.br\/wp-content\/uploads\/2022\/01\/logo.jpg","width":280,"height":210},{"@type":"BreadcrumbList","@id":"https:\/\/aratoniomontagens.com.br\/index.php\/empresa\/#breadcrumb","itemListElement":[{"@type":"ListItem","position":1,"name":"In\u00edcio","item":"https:\/\/aratoniomontagens.com.br\/"},{"@type":"ListItem","position":2,"name":"Empresa"}]},{"@type":"WebSite","@id":"https:\/\/aratoniomontagens.com.br\/#website","url":"https:\/\/aratoniomontagens.com.br\/","name":"Aratonio Montagens","description":"Montagem e Manuten\u00e7\u00e3o Industrial","potentialAction":[{"@type":"SearchAction","target":{"@type":"EntryPoint","urlTemplate":"https:\/\/aratoniomontagens.com.br\/?s={search_term_string}"},"query-input":"required name=search_term_string"}],"inLanguage":"pt-BR"}]}},"_links":{"self":[{"href":"https:\/\/aratoniomontagens.com.br\/index.php\/wp-json\/wp\/v2\/pages\/348","targetHints":{"allow":["GET"]}}],"collection":[{"href":"https:\/\/aratoniomontagens.com.br\/index.php\/wp-json\/wp\/v2\/pages"}],"about":[{"href":"https:\/\/aratoniomontagens.com.br\/index.php\/wp-json\/wp\/v2\/types\/page"}],"author":[{"embeddable":true,"href":"https:\/\/aratoniomontagens.com.br\/index.php\/wp-json\/wp\/v2\/users\/1"}],"replies":[{"embeddable":true,"href":"https:\/\/aratoniomontagens.com.br\/index.php\/wp-json\/wp\/v2\/comments?post=348"}],"version-history":[{"count":4,"href":"https:\/\/aratoniomontagens.com.br\/index.php\/wp-json\/wp\/v2\/pages\/348\/revisions"}],"predecessor-version":[{"id":401,"href":"https:\/\/aratoniomontagens.com.br\/index.php\/wp-json\/wp\/v2\/pages\/348\/revisions\/401"}],"wp:attachment":[{"href":"https:\/\/aratoniomontagens.com.br\/index.php\/wp-json\/wp\/v2\/media?parent=348"}],"curies":[{"name":"wp","href":"https:\/\/api.w.org\/{rel}","templated":true}]}}